{"id":100,"date":"2025-02-05T17:49:34","date_gmt":"2025-02-05T17:49:34","guid":{"rendered":"https:\/\/devforever.fr\/oceanrangers\/?page_id=100"},"modified":"2025-02-05T17:49:34","modified_gmt":"2025-02-05T17:49:34","slug":"accueil-fr","status":"publish","type":"page","link":"https:\/\/devforever.fr\/oceanrangers\/accueil-fr\/","title":{"rendered":"Accueil FR"},"content":{"rendered":"<p>[et_pb_section fb_built=&#8221;1&#8243; fullwidth=&#8221;on&#8221; theme_builder_area=&#8221;post_content&#8221; _builder_version=&#8221;4.27.4&#8243; _module_preset=&#8221;default&#8221;][et_pb_fullwidth_slider _builder_version=&#8221;4.27.4&#8243; _module_preset=&#8221;default&#8221; theme_builder_area=&#8221;post_content&#8221; hover_enabled=&#8221;0&#8243; sticky_enabled=&#8221;0&#8243;][et_pb_slide heading=&#8221;Projet Ocean Rangers&#8221; _builder_version=&#8221;4.27.4&#8243; _module_preset=&#8221;default&#8221; theme_builder_area=&#8221;post_content&#8221; title_text=&#8221;page d&#8217;accueil.1 (1)&#8221; background_image=&#8221;https:\/\/devforever.fr\/oceanrangers\/wp-content\/uploads\/2025\/02\/page-daccueil.1-1.jpg&#8221; background_enable_image=&#8221;on&#8221; hover_enabled=&#8221;0&#8243; sticky_enabled=&#8221;0&#8243; text_orientation=&#8221;center&#8221; header_level=&#8221;h1&#8243; header_font=&#8221;|800|||||||&#8221; header_font_size=&#8221;56px&#8221;][\/et_pb_slide][\/et_pb_fullwidth_slider][\/et_pb_section][et_pb_section fb_built=&#8221;1&#8243; theme_builder_area=&#8221;post_content&#8221; _builder_version=&#8221;4.27.4&#8243; _module_preset=&#8221;default&#8221; custom_padding=&#8221;3px|||||&#8221;][et_pb_row _builder_version=&#8221;4.27.4&#8243; _module_preset=&#8221;default&#8221; theme_builder_area=&#8221;post_content&#8221;][et_pb_column _builder_version=&#8221;4.27.4&#8243; _module_preset=&#8221;default&#8221; type=&#8221;4_4&#8243; theme_builder_area=&#8221;post_content&#8221;][et_pb_text _builder_version=&#8221;4.27.4&#8243; _module_preset=&#8221;default&#8221; theme_builder_area=&#8221;post_content&#8221; hover_enabled=&#8221;0&#8243; sticky_enabled=&#8221;0&#8243;]<\/p>\n<p>Cr\u00e9er par deux jeunes Anneciens pour participer au Global Gamers Challenge, Ocean Rangers est un jeu o\u00f9 vous prenez part \u00e0 la pr\u00e9servation de la biodiversit\u00e9 marine. Alors vous aussi, rejoignez le &#8220;TRASP&#8221; et partez pour une vir\u00e9e \u00e9cologique !<\/p>\n<p>[\/et_pb_text][et_pb_text _builder_version=&#8221;4.27.4&#8243; _module_preset=&#8221;default&#8221; theme_builder_area=&#8221;post_content&#8221; hover_enabled=&#8221;0&#8243; sticky_enabled=&#8221;0&#8243;]<\/p>\n<p><strong>Notre jeu est jouable directement sur navigateur, mais pour le moment uniquement en anglais, une version fran\u00e7aise devrait arriver prochainement !<\/strong><\/p>\n<p>[\/et_pb_text][et_pb_button button_text=&#8221;Jouer au jeu (en anglais)&#8221; _builder_version=&#8221;4.27.4&#8243; _module_preset=&#8221;default&#8221; theme_builder_area=&#8221;post_content&#8221; button_alignment=&#8221;center&#8221; hover_enabled=&#8221;0&#8243; sticky_enabled=&#8221;0&#8243; url_new_window=&#8221;on&#8221; button_url=&#8221;https:\/\/devforever.fr\/oceanrangers\/game\/v1\/&#8221;][\/et_pb_button][\/et_pb_column][\/et_pb_row][et_pb_row _builder_version=&#8221;4.27.4&#8243; _module_preset=&#8221;default&#8221; theme_builder_area=&#8221;post_content&#8221;][et_pb_column _builder_version=&#8221;4.27.4&#8243; _module_preset=&#8221;default&#8221; type=&#8221;4_4&#8243; theme_builder_area=&#8221;post_content&#8221;][et_pb_divider _builder_version=&#8221;4.27.4&#8243; _module_preset=&#8221;default&#8221; theme_builder_area=&#8221;post_content&#8221; hover_enabled=&#8221;0&#8243; sticky_enabled=&#8221;0&#8243;][\/et_pb_divider][et_pb_text _builder_version=&#8221;4.27.4&#8243; _module_preset=&#8221;default&#8221; theme_builder_area=&#8221;post_content&#8221; hover_enabled=&#8221;0&#8243; sticky_enabled=&#8221;0&#8243;]<\/p>\n<h1 style=\"text-align: center;\"><strong>Plus d&#8217;informations sur le projet<br \/><\/strong><\/h1>\n<p>[\/et_pb_text][et_pb_text _builder_version=&#8221;4.27.4&#8243; _module_preset=&#8221;default&#8221; theme_builder_area=&#8221;post_content&#8221; hover_enabled=&#8221;0&#8243; sticky_enabled=&#8221;0&#8243;]<\/p>\n<p style=\"font-weight: 400;\">Le but du<a href=\"https:\/\/globalgamers.devpost.com\/\" target=\"_blank\" rel=\"noopener\" title=\"Lien vers le site du hackathon\"><strong> Global Gamers Challenge<\/strong> <\/a>\u00e9tait de cr\u00e9er un jeu utilisant le Framework <a href=\"https:\/\/flutter.dev\/\">Flutter<\/a> ayant pour objectif de promouvoir au moins une des facettes de l\u2019\u00e9cologie et d\u2019inciter les joueurs \u00e0 l\u2019action en seulement 9 semaines (un d\u00e9lai qui est tr\u00e8s court pour pouvoir r\u00e9aliser un tel projet). Avec un voyage \u00e0 New-York City comme prix pour les 10 meilleures \u00e9quipes, plus de 3500 participants se sont inscrits sur le site du concours et plus de 300 projets ont \u00e9t\u00e9 d\u00e9pos\u00e9s et jug\u00e9 recevable.<\/p>\n<p style=\"font-weight: 400;\">\n<p style=\"font-weight: 400;\">Nous avons donc choisi de d\u00e9velopper notre jeu autour de la biodiversit\u00e9 marine, en prenant pour exemple <a href=\"https:\/\/www.annecy-ville.fr\/2024\/08\/saviez-vous-eaux-lac-annecy-evolution-defis\/\">le lac d&#8217;Annecy<\/a>, qui est l&#8217;un des moins polluer d&#8217;Europe gr\u00e2ce \u00e0 des actions visionnaires et novatrices \u00e0 l&#8217;\u00e9poque pour limiter de rejeter les d\u00e9chets dans le lac. Et pour toucher un maximum de personne \u00e0 l&#8217;international (le hackathon \u00e9tant disponible dans plus de 200 pays) nous avons choisi de parler plus sp\u00e9cifiquement de la pollution des oc\u00e9ans.<\/p>\n<p>&nbsp;<\/p>\n<p>[\/et_pb_text][et_pb_image src=&#8221;https:\/\/devforever.fr\/oceanrangers\/wp-content\/uploads\/2025\/02\/gallery.jpg&#8221; _builder_version=&#8221;4.27.4&#8243; _module_preset=&#8221;default&#8221; theme_builder_area=&#8221;post_content&#8221; title_text=&#8221;gallery&#8221; align=&#8221;center&#8221; hover_enabled=&#8221;0&#8243; sticky_enabled=&#8221;0&#8243;][\/et_pb_image][et_pb_text _builder_version=&#8221;4.27.4&#8243; _module_preset=&#8221;default&#8221; theme_builder_area=&#8221;post_content&#8221; hover_enabled=&#8221;0&#8243; sticky_enabled=&#8221;0&#8243;]<\/p>\n<p><span>Nous avons ainsi cr\u00e9\u00e9 une aventure dans laquelle le joueur se retrouve \u00e0 rejoindre une ONG qui essaie d\u2019explorer les fonds marins et de les nettoyer. Pour impacter le joueur, celui-ci se retrouve au c\u0153ur de l\u2019histoire et peut dialoguer avec des personnages qui ont tous une histoire \u00e0 d\u00e9couvrir. Ainsi, le joueur commande un robot en 2D qui explore les fonds marins qui \u00e9voluent en fonction de la profondeur \u00e0 laquelle il va. Pour \u00eatre le plus r\u00e9aliste possible, nous nous sommes appuy\u00e9s sur des \u00e9tudes des environnements marins pour les types de d\u00e9chets par exemple. Enfin, le joueur pourra am\u00e9liorer son robot et son bateau au fil de l\u2019aventure, ainsi que joindre des alliances pour collaborer ou encore r\u00e9aliser des qu\u00eates.<\/span><\/p>\n<p>[\/et_pb_text][\/et_pb_column][\/et_pb_row][et_pb_row _builder_version=&#8221;4.27.4&#8243; _module_preset=&#8221;default&#8221; column_structure=&#8221;1_3,1_3,1_3&#8243; theme_builder_area=&#8221;post_content&#8221;][et_pb_column _builder_version=&#8221;4.27.4&#8243; _module_preset=&#8221;default&#8221; type=&#8221;1_3&#8243; theme_builder_area=&#8221;post_content&#8221;][et_pb_image src=&#8221;https:\/\/devforever.fr\/oceanrangers\/wp-content\/uploads\/2024\/03\/home.png&#8221; _builder_version=&#8221;4.27.4&#8243; _module_preset=&#8221;default&#8221; theme_builder_area=&#8221;post_content&#8221; title_text=&#8221;home&#8221; hover_enabled=&#8221;0&#8243; sticky_enabled=&#8221;0&#8243;][\/et_pb_image][\/et_pb_column][et_pb_column _builder_version=&#8221;4.27.4&#8243; _module_preset=&#8221;default&#8221; type=&#8221;1_3&#8243; theme_builder_area=&#8221;post_content&#8221;][et_pb_image src=&#8221;https:\/\/devforever.fr\/oceanrangers\/wp-content\/uploads\/2024\/03\/c823e53b3a1a7b0d36a9.png&#8221; _builder_version=&#8221;4.27.4&#8243; _module_preset=&#8221;default&#8221; theme_builder_area=&#8221;post_content&#8221; alt=&#8221;Flutter logo&#8221; title_text=&#8221;c823e53b3a1a7b0d36a9&#8243; hover_enabled=&#8221;0&#8243; sticky_enabled=&#8221;0&#8243; align=&#8221;center&#8221; module_alignment=&#8221;center&#8221; custom_margin=&#8221;38px|||||&#8221;][\/et_pb_image][\/et_pb_column][et_pb_column _builder_version=&#8221;4.27.4&#8243; _module_preset=&#8221;default&#8221; type=&#8221;1_3&#8243; theme_builder_area=&#8221;post_content&#8221;][et_pb_image src=&#8221;https:\/\/devforever.fr\/oceanrangers\/wp-content\/uploads\/2025\/02\/gallery-1.jpg&#8221; _builder_version=&#8221;4.27.4&#8243; _module_preset=&#8221;default&#8221; theme_builder_area=&#8221;post_content&#8221; title_text=&#8221;gallery (1)&#8221; hover_enabled=&#8221;0&#8243; sticky_enabled=&#8221;0&#8243;][\/et_pb_image][\/et_pb_column][\/et_pb_row][et_pb_row _builder_version=&#8221;4.27.4&#8243; _module_preset=&#8221;default&#8221; theme_builder_area=&#8221;post_content&#8221;][et_pb_column _builder_version=&#8221;4.27.4&#8243; _module_preset=&#8221;default&#8221; type=&#8221;4_4&#8243; theme_builder_area=&#8221;post_content&#8221;][et_pb_button button_text=&#8221;Jouer au jeu (en anglais)&#8221; _builder_version=&#8221;4.27.4&#8243; _module_preset=&#8221;default&#8221; theme_builder_area=&#8221;post_content&#8221; button_alignment=&#8221;center&#8221; hover_enabled=&#8221;0&#8243; sticky_enabled=&#8221;0&#8243; url_new_window=&#8221;on&#8221; button_url=&#8221;https:\/\/devforever.fr\/oceanrangers\/game\/v1\/&#8221;][\/et_pb_button][et_pb_divider _builder_version=&#8221;4.27.4&#8243; _module_preset=&#8221;default&#8221; theme_builder_area=&#8221;post_content&#8221; hover_enabled=&#8221;0&#8243; sticky_enabled=&#8221;0&#8243;][\/et_pb_divider][et_pb_text _builder_version=&#8221;4.27.4&#8243; _module_preset=&#8221;default&#8221; theme_builder_area=&#8221;post_content&#8221; hover_enabled=&#8221;0&#8243; sticky_enabled=&#8221;0&#8243;]<\/p>\n<h1 style=\"text-align: center;\"><strong>Quelques images de New-York City<br \/><\/strong><\/h1>\n<p>[\/et_pb_text][et_pb_text _builder_version=&#8221;4.27.4&#8243; _module_preset=&#8221;default&#8221; theme_builder_area=&#8221;post_content&#8221; hover_enabled=&#8221;0&#8243; sticky_enabled=&#8221;0&#8243;]<\/p>\n<p style=\"font-weight: 400;\">Gr\u00e2ce \u00e0 ce projet, nous avons \u00e9t\u00e9 invit\u00e9s par Google dans leurs locaux de New-York City afin de c\u00e9l\u00e9brer notre victoire avec les \u00e9quipes qui travaillent sur le framework Flutter fin septembre 2024. Ainsi, comme les neuf autres \u00e9quipes gagnantes, nous avons tous pr\u00e9sent\u00e9 ce que nous avons r\u00e9alis\u00e9, avec notamment nos motivations et nos aboutissements, aux \u00e9quipes de Google et de l\u2019ONG Global Citizen. Nous avons pu ensuite visiter plusieurs locaux de Google \u00e0 NYC et discuter avec les \u00e9quipes de Flutter qui nous ont pr\u00e9sent\u00e9 certain de leurs avancements notamment dans l\u2019arriv\u00e9e de la 3D dans le Framework. Ensuite, le lendemain, nous avons \u00e9t\u00e9 invit\u00e9s \u00e0 participer au Global Citizen Festival 2024 en VIP ! \u00a0Nous avons donc pu en profiter, malgr\u00e9 la pluie qui s\u2019est invit\u00e9e comme pour l\u2019\u00e9dition pr\u00e9c\u00e9dente, et un stand Flutter avec certains de nos jeux \u00e9tait \u00e9galement accessible au public du festival tout au long de l\u2019\u00e9v\u00e9nement.<span><\/span><\/p>\n<p>[\/et_pb_text][\/et_pb_column][\/et_pb_row][et_pb_row _builder_version=&#8221;4.27.4&#8243; _module_preset=&#8221;default&#8221; column_structure=&#8221;1_3,1_3,1_3&#8243; theme_builder_area=&#8221;post_content&#8221;][et_pb_column _builder_version=&#8221;4.27.4&#8243; _module_preset=&#8221;default&#8221; type=&#8221;1_3&#8243; theme_builder_area=&#8221;post_content&#8221;][et_pb_image src=&#8221;https:\/\/devforever.fr\/oceanrangers\/wp-content\/uploads\/2025\/02\/Image_20240929_123016_663.jpeg&#8221; _builder_version=&#8221;4.27.4&#8243; _module_preset=&#8221;default&#8221; theme_builder_area=&#8221;post_content&#8221; title_text=&#8221;Image_20240929_123016_663&#8243; hover_enabled=&#8221;0&#8243; sticky_enabled=&#8221;0&#8243;][\/et_pb_image][\/et_pb_column][et_pb_column _builder_version=&#8221;4.27.4&#8243; _module_preset=&#8221;default&#8221; type=&#8221;1_3&#8243; theme_builder_area=&#8221;post_content&#8221;][et_pb_image src=&#8221;https:\/\/devforever.fr\/oceanrangers\/wp-content\/uploads\/2025\/02\/20240928_165437-scaled.jpg&#8221; _builder_version=&#8221;4.27.4&#8243; _module_preset=&#8221;default&#8221; theme_builder_area=&#8221;post_content&#8221; title_text=&#8221;20240928_165437&#8243; hover_enabled=&#8221;0&#8243; sticky_enabled=&#8221;0&#8243;][\/et_pb_image][\/et_pb_column][et_pb_column _builder_version=&#8221;4.27.4&#8243; _module_preset=&#8221;default&#8221; type=&#8221;1_3&#8243; theme_builder_area=&#8221;post_content&#8221;][et_pb_image src=&#8221;https:\/\/devforever.fr\/oceanrangers\/wp-content\/uploads\/2025\/02\/20240927_191820-scaled.jpg&#8221; _builder_version=&#8221;4.27.4&#8243; _module_preset=&#8221;default&#8221; theme_builder_area=&#8221;post_content&#8221; title_text=&#8221;20240927_191820&#8243; hover_enabled=&#8221;0&#8243; sticky_enabled=&#8221;0&#8243; width=&#8221;57%&#8221; module_alignment=&#8221;center&#8221;][\/et_pb_image][\/et_pb_column][\/et_pb_row][\/et_pb_section]<\/p>\n","protected":false},"excerpt":{"rendered":"<p>Page d&#8217;accueil de notre projet Ocean Rangers<\/p>\n","protected":false},"author":1,"featured_media":0,"parent":0,"menu_order":0,"comment_status":"closed","ping_status":"closed","template":"","meta":{"_et_pb_use_builder":"on","_et_pb_old_content":"","_et_gb_content_width":"","footnotes":""},"class_list":["post-100","page","type-page","status-publish","hentry"],"_links":{"self":[{"href":"https:\/\/devforever.fr\/oceanrangers\/wp-json\/wp\/v2\/pages\/100","targetHints":{"allow":["GET"]}}],"collection":[{"href":"https:\/\/devforever.fr\/oceanrangers\/wp-json\/wp\/v2\/pages"}],"about":[{"href":"https:\/\/devforever.fr\/oceanrangers\/wp-json\/wp\/v2\/types\/page"}],"author":[{"embeddable":true,"href":"https:\/\/devforever.fr\/oceanrangers\/wp-json\/wp\/v2\/users\/1"}],"replies":[{"embeddable":true,"href":"https:\/\/devforever.fr\/oceanrangers\/wp-json\/wp\/v2\/comments?post=100"}],"version-history":[{"count":8,"href":"https:\/\/devforever.fr\/oceanrangers\/wp-json\/wp\/v2\/pages\/100\/revisions"}],"predecessor-version":[{"id":119,"href":"https:\/\/devforever.fr\/oceanrangers\/wp-json\/wp\/v2\/pages\/100\/revisions\/119"}],"wp:attachment":[{"href":"https:\/\/devforever.fr\/oceanrangers\/wp-json\/wp\/v2\/media?parent=100"}],"curies":[{"name":"wp","href":"https:\/\/api.w.org\/{rel}","templated":true}]}}